{"id":23,"date":"2026-01-12T11:13:34","date_gmt":"2026-01-12T10:13:34","guid":{"rendered":"http:\/\/lamaisondumagistrat.com\/?page_id=23"},"modified":"2026-01-26T10:24:45","modified_gmt":"2026-01-26T09:24:45","slug":"table-dhotes","status":"publish","type":"page","link":"https:\/\/lamaisondumagistrat.com\/index.php\/table-dhotes\/","title":{"rendered":"Table d&rsquo;h\u00f4tes"},"content":{"rendered":"\n<figure class=\"wp-block-pullquote has-meow-script-font-family has-superbfont-xlarge-font-size\"><blockquote><p>\u00ab\u00a0La nature, en cuisine comme en amour, nous donne rarement le go\u00fbt de ce qui nous est mauvais.\u00a0\u00bb<\/p><cite>Charles Baudelaire<\/cite><\/blockquote><\/figure>\n\n\n\n<p>La Maison du Magistrat est aussi table d&rsquo;h\u00f4tes, d\u00e9couvrez notre savoir-faire !<\/p>\n\n\n\n<p>Nous proposons une cuisine enti\u00e8rement <strong>faite maison<\/strong>, \u00e9labor\u00e9e \u00e0 partir de produits de saison, en circuit court et provenant des <strong>producteurs locaux bio<\/strong> dans le mesure du possible.<br>Le menu est compos\u00e9 de quatre plats, vins inclus, est au prix de 30\u20ac par adulte et 15\u20ac par enfant selon l\u2019\u00e2ge.<br>En juillet et ao\u00fbt, nous proposons une formule plus d\u00e9contract\u00e9e, en terrasse, \u00e0 20\u20ac par adulte et 10\u20ac par enfant.<br>Cette option est disponible sur demande ; merci de pr\u00e9venir <strong>au moins 24h \u00e0 l\u2019avance<\/strong>.<br>Des options v\u00e9g\u00e9tariennes et vegan sont propos\u00e9es. En cas d\u2019allergies ou de pr\u00e9f\u00e9rences alimentaires, un menu personnalis\u00e9 peut \u00eatre \u00e9labor\u00e9 ensemble.<\/p>\n\n\n\n<div class=\"wp-block-buttons is-content-justification-center is-layout-flex wp-container-core-buttons-is-layout-a89b3969 wp-block-buttons-is-layout-flex\">\n<div class=\"wp-block-button\"><a class=\"wp-block-button__link wp-element-button\" href=\"http:\/\/lamaisondumagistrat.com\/index.php\/reservations\/\">Contactez-nous pour r\u00e9server vos repas<\/a><\/div>\n<\/div>\n\n\n\n<figure class=\"wp-block-gallery has-nested-images columns-default is-cropped wp-block-gallery-1 is-layout-flex wp-block-gallery-is-layout-flex\">\n<figure class=\"wp-block-image size-large\"><img loading=\"lazy\" decoding=\"async\" width=\"1021\" height=\"1024\" data-id=\"242\" src=\"http:\/\/lamaisondumagistrat.com\/wp-content\/uploads\/2026\/01\/IMG_7780-1021x1024.jpg\" alt=\"\" class=\"wp-image-242\" srcset=\"https:\/\/lamaisondumagistrat.com\/wp-content\/uploads\/2026\/01\/IMG_7780-1021x1024.jpg 1021w, https:\/\/lamaisondumagistrat.com\/wp-content\/uploads\/2026\/01\/IMG_7780-300x300.jpg 300w, https:\/\/lamaisondumagistrat.com\/wp-content\/uploads\/2026\/01\/IMG_7780-150x150.jpg 150w, https:\/\/lamaisondumagistrat.com\/wp-content\/uploads\/2026\/01\/IMG_7780-768x771.jpg 768w, https:\/\/lamaisondumagistrat.com\/wp-content\/uploads\/2026\/01\/IMG_7780.jpg 1206w\" sizes=\"auto, (max-width: 1021px) 100vw, 1021px\" \/><\/figure>\n\n\n\n<figure class=\"wp-block-image size-large\"><img loading=\"lazy\" decoding=\"async\" width=\"995\" height=\"1024\" data-id=\"240\" src=\"http:\/\/lamaisondumagistrat.com\/wp-content\/uploads\/2026\/01\/IMG_7777-995x1024.jpg\" alt=\"\" class=\"wp-image-240\" srcset=\"https:\/\/lamaisondumagistrat.com\/wp-content\/uploads\/2026\/01\/IMG_7777-995x1024.jpg 995w, https:\/\/lamaisondumagistrat.com\/wp-content\/uploads\/2026\/01\/IMG_7777-292x300.jpg 292w, https:\/\/lamaisondumagistrat.com\/wp-content\/uploads\/2026\/01\/IMG_7777-768x790.jpg 768w, https:\/\/lamaisondumagistrat.com\/wp-content\/uploads\/2026\/01\/IMG_7777.jpg 1177w\" sizes=\"auto, (max-width: 995px) 100vw, 995px\" \/><\/figure>\n\n\n\n<figure class=\"wp-block-image size-large\"><img loading=\"lazy\" decoding=\"async\" width=\"767\" height=\"1024\" data-id=\"241\" src=\"http:\/\/lamaisondumagistrat.com\/wp-content\/uploads\/2026\/01\/IMG_7778-scaled-e1768554038777-767x1024.png\" alt=\"\" class=\"wp-image-241\" srcset=\"https:\/\/lamaisondumagistrat.com\/wp-content\/uploads\/2026\/01\/IMG_7778-scaled-e1768554038777-767x1024.png 767w, https:\/\/lamaisondumagistrat.com\/wp-content\/uploads\/2026\/01\/IMG_7778-scaled-e1768554038777-225x300.png 225w, https:\/\/lamaisondumagistrat.com\/wp-content\/uploads\/2026\/01\/IMG_7778-scaled-e1768554038777-768x1025.png 768w, https:\/\/lamaisondumagistrat.com\/wp-content\/uploads\/2026\/01\/IMG_7778-scaled-e1768554038777-1151x1536.png 1151w, https:\/\/lamaisondumagistrat.com\/wp-content\/uploads\/2026\/01\/IMG_7778-scaled-e1768554038777.png 1173w\" sizes=\"auto, (max-width: 767px) 100vw, 767px\" \/><\/figure>\n\n\n\n<figure class=\"wp-block-image size-large\"><img loading=\"lazy\" decoding=\"async\" width=\"819\" height=\"1024\" data-id=\"252\" src=\"http:\/\/lamaisondumagistrat.com\/wp-content\/uploads\/2026\/01\/IMG_7794-819x1024.jpg\" alt=\"\" class=\"wp-image-252\" srcset=\"https:\/\/lamaisondumagistrat.com\/wp-content\/uploads\/2026\/01\/IMG_7794-819x1024.jpg 819w, https:\/\/lamaisondumagistrat.com\/wp-content\/uploads\/2026\/01\/IMG_7794-240x300.jpg 240w, https:\/\/lamaisondumagistrat.com\/wp-content\/uploads\/2026\/01\/IMG_7794-768x960.jpg 768w, https:\/\/lamaisondumagistrat.com\/wp-content\/uploads\/2026\/01\/IMG_7794.jpg 1206w\" sizes=\"auto, (max-width: 819px) 100vw, 819px\" \/><\/figure>\n\n\n\n<figure class=\"wp-block-image size-large\"><img loading=\"lazy\" decoding=\"async\" width=\"833\" height=\"1024\" data-id=\"249\" src=\"http:\/\/lamaisondumagistrat.com\/wp-content\/uploads\/2026\/01\/IMG_7791-833x1024.jpg\" alt=\"\" class=\"wp-image-249\" srcset=\"https:\/\/lamaisondumagistrat.com\/wp-content\/uploads\/2026\/01\/IMG_7791-833x1024.jpg 833w, https:\/\/lamaisondumagistrat.com\/wp-content\/uploads\/2026\/01\/IMG_7791-244x300.jpg 244w, https:\/\/lamaisondumagistrat.com\/wp-content\/uploads\/2026\/01\/IMG_7791-768x944.jpg 768w, https:\/\/lamaisondumagistrat.com\/wp-content\/uploads\/2026\/01\/IMG_7791.jpg 1206w\" sizes=\"auto, (max-width: 833px) 100vw, 833px\" \/><\/figure>\n\n\n\n<figure class=\"wp-block-image size-large\"><img loading=\"lazy\" decoding=\"async\" width=\"989\" height=\"1024\" data-id=\"250\" src=\"http:\/\/lamaisondumagistrat.com\/wp-content\/uploads\/2026\/01\/IMG_7792-989x1024.jpg\" alt=\"\" class=\"wp-image-250\" srcset=\"https:\/\/lamaisondumagistrat.com\/wp-content\/uploads\/2026\/01\/IMG_7792-989x1024.jpg 989w, https:\/\/lamaisondumagistrat.com\/wp-content\/uploads\/2026\/01\/IMG_7792-290x300.jpg 290w, https:\/\/lamaisondumagistrat.com\/wp-content\/uploads\/2026\/01\/IMG_7792-768x795.jpg 768w, https:\/\/lamaisondumagistrat.com\/wp-content\/uploads\/2026\/01\/IMG_7792.jpg 1206w\" sizes=\"auto, (max-width: 989px) 100vw, 989px\" \/><\/figure>\n\n\n\n<figure class=\"wp-block-image size-large\"><img loading=\"lazy\" decoding=\"async\" width=\"882\" height=\"1024\" data-id=\"234\" src=\"http:\/\/lamaisondumagistrat.com\/wp-content\/uploads\/2026\/01\/IMG_7795-882x1024.jpg\" alt=\"\" class=\"wp-image-234\" srcset=\"https:\/\/lamaisondumagistrat.com\/wp-content\/uploads\/2026\/01\/IMG_7795-882x1024.jpg 882w, https:\/\/lamaisondumagistrat.com\/wp-content\/uploads\/2026\/01\/IMG_7795-258x300.jpg 258w, https:\/\/lamaisondumagistrat.com\/wp-content\/uploads\/2026\/01\/IMG_7795-768x892.jpg 768w, https:\/\/lamaisondumagistrat.com\/wp-content\/uploads\/2026\/01\/IMG_7795.jpg 1206w\" sizes=\"auto, (max-width: 882px) 100vw, 882px\" \/><\/figure>\n\n\n\n<figure class=\"wp-block-image size-large\"><img loading=\"lazy\" decoding=\"async\" width=\"785\" height=\"1024\" data-id=\"236\" src=\"http:\/\/lamaisondumagistrat.com\/wp-content\/uploads\/2026\/01\/IMG_7798-785x1024.jpg\" alt=\"\" class=\"wp-image-236\" srcset=\"https:\/\/lamaisondumagistrat.com\/wp-content\/uploads\/2026\/01\/IMG_7798-785x1024.jpg 785w, https:\/\/lamaisondumagistrat.com\/wp-content\/uploads\/2026\/01\/IMG_7798-230x300.jpg 230w, https:\/\/lamaisondumagistrat.com\/wp-content\/uploads\/2026\/01\/IMG_7798-768x1001.jpg 768w, https:\/\/lamaisondumagistrat.com\/wp-content\/uploads\/2026\/01\/IMG_7798.jpg 1067w\" sizes=\"auto, (max-width: 785px) 100vw, 785px\" \/><\/figure>\n\n\n\n<figure class=\"wp-block-image size-large\"><img loading=\"lazy\" decoding=\"async\" width=\"1024\" height=\"768\" data-id=\"426\" src=\"http:\/\/lamaisondumagistrat.com\/wp-content\/uploads\/2026\/01\/IMG_5705-1-1024x768.jpeg\" alt=\"\" class=\"wp-image-426\" srcset=\"https:\/\/lamaisondumagistrat.com\/wp-content\/uploads\/2026\/01\/IMG_5705-1-1024x768.jpeg 1024w, https:\/\/lamaisondumagistrat.com\/wp-content\/uploads\/2026\/01\/IMG_5705-1-300x225.jpeg 300w, https:\/\/lamaisondumagistrat.com\/wp-content\/uploads\/2026\/01\/IMG_5705-1-768x576.jpeg 768w, https:\/\/lamaisondumagistrat.com\/wp-content\/uploads\/2026\/01\/IMG_5705-1-1536x1152.jpeg 1536w, https:\/\/lamaisondumagistrat.com\/wp-content\/uploads\/2026\/01\/IMG_5705-1-2048x1536.jpeg 2048w\" sizes=\"auto, (max-width: 1024px) 100vw, 1024px\" \/><\/figure>\n<\/figure>\n","protected":false},"excerpt":{"rendered":"<p>\u00ab\u00a0La nature, en cuisine comme en amour, nous donne rarement le go\u00fbt de ce qui nous est mauvais.\u00a0\u00bb Charles Baudelaire La Maison du Magistrat est aussi table d&rsquo;h\u00f4tes, d\u00e9couvrez notre savoir-faire ! Nous proposons une cuisine enti\u00e8rement faite maison, \u00e9labor\u00e9e \u00e0 partir de produits de saison, en circuit court et provenant des producteurs locaux bio [&hellip;]<\/p>\n","protected":false},"author":1,"featured_media":366,"parent":0,"menu_order":0,"comment_status":"closed","ping_status":"closed","template":"","meta":{"footnotes":""},"class_list":["post-23","page","type-page","status-publish","has-post-thumbnail","hentry"],"yoast_head":"<!-- This site is optimized with the Yoast SEO plugin v26.8 - https:\/\/yoast.com\/product\/yoast-seo-wordpress\/ -->\n<title>Table d&#039;h\u00f4tes - La Maison du Magistrat - 107 avenue des Corbi\u00e8res 11360 Durban-Corbi\u00e8res<\/title>\n<meta name=\"description\" content=\"Nous proposons une cuisine faite maison, \u00e0 partir de produits de saison, en circuit court et provenant des producteurs locaux bio.\" \/>\n<meta name=\"robots\" content=\"index, follow, max-snippet:-1, max-image-preview:large, max-video-preview:-1\" \/>\n<link rel=\"canonical\" href=\"https:\/\/lamaisondumagistrat.com\/index.php\/table-dhotes\/\" \/>\n<meta property=\"og:locale\" content=\"fr_FR\" \/>\n<meta property=\"og:type\" content=\"article\" \/>\n<meta property=\"og:title\" content=\"Table d&#039;h\u00f4tes - La Maison du Magistrat - 107 avenue des Corbi\u00e8res 11360 Durban-Corbi\u00e8res\" \/>\n<meta property=\"og:description\" content=\"Nous proposons une cuisine faite maison, \u00e0 partir de produits de saison, en circuit court et provenant des producteurs locaux bio.\" \/>\n<meta property=\"og:url\" content=\"https:\/\/lamaisondumagistrat.com\/index.php\/table-dhotes\/\" \/>\n<meta property=\"og:site_name\" content=\"La Maison du Magistrat - 107 avenue des Corbi\u00e8res 11360 Durban-Corbi\u00e8res\" \/>\n<meta property=\"article:publisher\" content=\"https:\/\/www.facebook.com\/share\/1A8odxWteh\/?mibextid=wwXIfr\" \/>\n<meta property=\"article:modified_time\" content=\"2026-01-26T09:24:45+00:00\" \/>\n<meta property=\"og:image\" content=\"https:\/\/lamaisondumagistrat.com\/wp-content\/uploads\/2026\/01\/la-salle-manger-1.jpg\" \/>\n\t<meta property=\"og:image:width\" content=\"900\" \/>\n\t<meta property=\"og:image:height\" content=\"500\" \/>\n\t<meta property=\"og:image:type\" content=\"image\/jpeg\" \/>\n<meta name=\"twitter:card\" content=\"summary_large_image\" \/>\n<meta name=\"twitter:label1\" content=\"Dur\u00e9e de lecture estim\u00e9e\" \/>\n\t<meta name=\"twitter:data1\" content=\"3 minutes\" \/>\n<script type=\"application\/ld+json\" class=\"yoast-schema-graph\">{\"@context\":\"https:\/\/schema.org\",\"@graph\":[{\"@type\":\"WebPage\",\"@id\":\"https:\/\/lamaisondumagistrat.com\/index.php\/table-dhotes\/\",\"url\":\"https:\/\/lamaisondumagistrat.com\/index.php\/table-dhotes\/\",\"name\":\"Table d'h\u00f4tes - La Maison du Magistrat - 107 avenue des Corbi\u00e8res 11360 Durban-Corbi\u00e8res\",\"isPartOf\":{\"@id\":\"https:\/\/lamaisondumagistrat.com\/#website\"},\"primaryImageOfPage\":{\"@id\":\"https:\/\/lamaisondumagistrat.com\/index.php\/table-dhotes\/#primaryimage\"},\"image\":{\"@id\":\"https:\/\/lamaisondumagistrat.com\/index.php\/table-dhotes\/#primaryimage\"},\"thumbnailUrl\":\"https:\/\/lamaisondumagistrat.com\/wp-content\/uploads\/2026\/01\/la-salle-manger-1.jpg\",\"datePublished\":\"2026-01-12T10:13:34+00:00\",\"dateModified\":\"2026-01-26T09:24:45+00:00\",\"description\":\"Nous proposons une cuisine faite maison, \u00e0 partir de produits de saison, en circuit court et provenant des producteurs locaux bio.\",\"breadcrumb\":{\"@id\":\"https:\/\/lamaisondumagistrat.com\/index.php\/table-dhotes\/#breadcrumb\"},\"inLanguage\":\"fr-FR\",\"potentialAction\":[{\"@type\":\"ReadAction\",\"target\":[\"https:\/\/lamaisondumagistrat.com\/index.php\/table-dhotes\/\"]}]},{\"@type\":\"ImageObject\",\"inLanguage\":\"fr-FR\",\"@id\":\"https:\/\/lamaisondumagistrat.com\/index.php\/table-dhotes\/#primaryimage\",\"url\":\"https:\/\/lamaisondumagistrat.com\/wp-content\/uploads\/2026\/01\/la-salle-manger-1.jpg\",\"contentUrl\":\"https:\/\/lamaisondumagistrat.com\/wp-content\/uploads\/2026\/01\/la-salle-manger-1.jpg\",\"width\":900,\"height\":500},{\"@type\":\"BreadcrumbList\",\"@id\":\"https:\/\/lamaisondumagistrat.com\/index.php\/table-dhotes\/#breadcrumb\",\"itemListElement\":[{\"@type\":\"ListItem\",\"position\":1,\"name\":\"Accueil\",\"item\":\"https:\/\/lamaisondumagistrat.com\/\"},{\"@type\":\"ListItem\",\"position\":2,\"name\":\"Table d&rsquo;h\u00f4tes\"}]},{\"@type\":\"WebSite\",\"@id\":\"https:\/\/lamaisondumagistrat.com\/#website\",\"url\":\"https:\/\/lamaisondumagistrat.com\/\",\"name\":\"La Maison du Magistrat\",\"description\":\"Un voyage hors du temps dans les Corbi\u00e8res...\",\"publisher\":{\"@id\":\"https:\/\/lamaisondumagistrat.com\/#organization\"},\"potentialAction\":[{\"@type\":\"SearchAction\",\"target\":{\"@type\":\"EntryPoint\",\"urlTemplate\":\"https:\/\/lamaisondumagistrat.com\/?s={search_term_string}\"},\"query-input\":{\"@type\":\"PropertyValueSpecification\",\"valueRequired\":true,\"valueName\":\"search_term_string\"}}],\"inLanguage\":\"fr-FR\"},{\"@type\":\"Organization\",\"@id\":\"https:\/\/lamaisondumagistrat.com\/#organization\",\"name\":\"La Maison du Magistrat\",\"url\":\"https:\/\/lamaisondumagistrat.com\/\",\"logo\":{\"@type\":\"ImageObject\",\"inLanguage\":\"fr-FR\",\"@id\":\"https:\/\/lamaisondumagistrat.com\/#\/schema\/logo\/image\/\",\"url\":\"http:\/\/lamaisondumagistrat.com\/wp-content\/uploads\/2026\/01\/la-maison-du-magistrat-logo.png\",\"contentUrl\":\"http:\/\/lamaisondumagistrat.com\/wp-content\/uploads\/2026\/01\/la-maison-du-magistrat-logo.png\",\"width\":1563,\"height\":1563,\"caption\":\"La Maison du Magistrat\"},\"image\":{\"@id\":\"https:\/\/lamaisondumagistrat.com\/#\/schema\/logo\/image\/\"},\"sameAs\":[\"https:\/\/www.facebook.com\/share\/1A8odxWteh\/?mibextid=wwXIfr\",\"https:\/\/www.instagram.com\/maisondumagistrat?igsh=NWhvbGN1dDcyaThu\"]}]}<\/script>\n<!-- \/ Yoast SEO plugin. -->","yoast_head_json":{"title":"Table d'h\u00f4tes - La Maison du Magistrat - 107 avenue des Corbi\u00e8res 11360 Durban-Corbi\u00e8res","description":"Nous proposons une cuisine faite maison, \u00e0 partir de produits de saison, en circuit court et provenant des producteurs locaux bio.","robots":{"index":"index","follow":"follow","max-snippet":"max-snippet:-1","max-image-preview":"max-image-preview:large","max-video-preview":"max-video-preview:-1"},"canonical":"https:\/\/lamaisondumagistrat.com\/index.php\/table-dhotes\/","og_locale":"fr_FR","og_type":"article","og_title":"Table d'h\u00f4tes - La Maison du Magistrat - 107 avenue des Corbi\u00e8res 11360 Durban-Corbi\u00e8res","og_description":"Nous proposons une cuisine faite maison, \u00e0 partir de produits de saison, en circuit court et provenant des producteurs locaux bio.","og_url":"https:\/\/lamaisondumagistrat.com\/index.php\/table-dhotes\/","og_site_name":"La Maison du Magistrat - 107 avenue des Corbi\u00e8res 11360 Durban-Corbi\u00e8res","article_publisher":"https:\/\/www.facebook.com\/share\/1A8odxWteh\/?mibextid=wwXIfr","article_modified_time":"2026-01-26T09:24:45+00:00","og_image":[{"width":900,"height":500,"url":"https:\/\/lamaisondumagistrat.com\/wp-content\/uploads\/2026\/01\/la-salle-manger-1.jpg","type":"image\/jpeg"}],"twitter_card":"summary_large_image","twitter_misc":{"Dur\u00e9e de lecture estim\u00e9e":"3 minutes"},"schema":{"@context":"https:\/\/schema.org","@graph":[{"@type":"WebPage","@id":"https:\/\/lamaisondumagistrat.com\/index.php\/table-dhotes\/","url":"https:\/\/lamaisondumagistrat.com\/index.php\/table-dhotes\/","name":"Table d'h\u00f4tes - La Maison du Magistrat - 107 avenue des Corbi\u00e8res 11360 Durban-Corbi\u00e8res","isPartOf":{"@id":"https:\/\/lamaisondumagistrat.com\/#website"},"primaryImageOfPage":{"@id":"https:\/\/lamaisondumagistrat.com\/index.php\/table-dhotes\/#primaryimage"},"image":{"@id":"https:\/\/lamaisondumagistrat.com\/index.php\/table-dhotes\/#primaryimage"},"thumbnailUrl":"https:\/\/lamaisondumagistrat.com\/wp-content\/uploads\/2026\/01\/la-salle-manger-1.jpg","datePublished":"2026-01-12T10:13:34+00:00","dateModified":"2026-01-26T09:24:45+00:00","description":"Nous proposons une cuisine faite maison, \u00e0 partir de produits de saison, en circuit court et provenant des producteurs locaux bio.","breadcrumb":{"@id":"https:\/\/lamaisondumagistrat.com\/index.php\/table-dhotes\/#breadcrumb"},"inLanguage":"fr-FR","potentialAction":[{"@type":"ReadAction","target":["https:\/\/lamaisondumagistrat.com\/index.php\/table-dhotes\/"]}]},{"@type":"ImageObject","inLanguage":"fr-FR","@id":"https:\/\/lamaisondumagistrat.com\/index.php\/table-dhotes\/#primaryimage","url":"https:\/\/lamaisondumagistrat.com\/wp-content\/uploads\/2026\/01\/la-salle-manger-1.jpg","contentUrl":"https:\/\/lamaisondumagistrat.com\/wp-content\/uploads\/2026\/01\/la-salle-manger-1.jpg","width":900,"height":500},{"@type":"BreadcrumbList","@id":"https:\/\/lamaisondumagistrat.com\/index.php\/table-dhotes\/#breadcrumb","itemListElement":[{"@type":"ListItem","position":1,"name":"Accueil","item":"https:\/\/lamaisondumagistrat.com\/"},{"@type":"ListItem","position":2,"name":"Table d&rsquo;h\u00f4tes"}]},{"@type":"WebSite","@id":"https:\/\/lamaisondumagistrat.com\/#website","url":"https:\/\/lamaisondumagistrat.com\/","name":"La Maison du Magistrat","description":"Un voyage hors du temps dans les Corbi\u00e8res...","publisher":{"@id":"https:\/\/lamaisondumagistrat.com\/#organization"},"potentialAction":[{"@type":"SearchAction","target":{"@type":"EntryPoint","urlTemplate":"https:\/\/lamaisondumagistrat.com\/?s={search_term_string}"},"query-input":{"@type":"PropertyValueSpecification","valueRequired":true,"valueName":"search_term_string"}}],"inLanguage":"fr-FR"},{"@type":"Organization","@id":"https:\/\/lamaisondumagistrat.com\/#organization","name":"La Maison du Magistrat","url":"https:\/\/lamaisondumagistrat.com\/","logo":{"@type":"ImageObject","inLanguage":"fr-FR","@id":"https:\/\/lamaisondumagistrat.com\/#\/schema\/logo\/image\/","url":"http:\/\/lamaisondumagistrat.com\/wp-content\/uploads\/2026\/01\/la-maison-du-magistrat-logo.png","contentUrl":"http:\/\/lamaisondumagistrat.com\/wp-content\/uploads\/2026\/01\/la-maison-du-magistrat-logo.png","width":1563,"height":1563,"caption":"La Maison du Magistrat"},"image":{"@id":"https:\/\/lamaisondumagistrat.com\/#\/schema\/logo\/image\/"},"sameAs":["https:\/\/www.facebook.com\/share\/1A8odxWteh\/?mibextid=wwXIfr","https:\/\/www.instagram.com\/maisondumagistrat?igsh=NWhvbGN1dDcyaThu"]}]}},"_links":{"self":[{"href":"https:\/\/lamaisondumagistrat.com\/index.php\/wp-json\/wp\/v2\/pages\/23","targetHints":{"allow":["GET"]}}],"collection":[{"href":"https:\/\/lamaisondumagistrat.com\/index.php\/wp-json\/wp\/v2\/pages"}],"about":[{"href":"https:\/\/lamaisondumagistrat.com\/index.php\/wp-json\/wp\/v2\/types\/page"}],"author":[{"embeddable":true,"href":"https:\/\/lamaisondumagistrat.com\/index.php\/wp-json\/wp\/v2\/users\/1"}],"replies":[{"embeddable":true,"href":"https:\/\/lamaisondumagistrat.com\/index.php\/wp-json\/wp\/v2\/comments?post=23"}],"version-history":[{"count":8,"href":"https:\/\/lamaisondumagistrat.com\/index.php\/wp-json\/wp\/v2\/pages\/23\/revisions"}],"predecessor-version":[{"id":512,"href":"https:\/\/lamaisondumagistrat.com\/index.php\/wp-json\/wp\/v2\/pages\/23\/revisions\/512"}],"wp:featuredmedia":[{"embeddable":true,"href":"https:\/\/lamaisondumagistrat.com\/index.php\/wp-json\/wp\/v2\/media\/366"}],"wp:attachment":[{"href":"https:\/\/lamaisondumagistrat.com\/index.php\/wp-json\/wp\/v2\/media?parent=23"}],"curies":[{"name":"wp","href":"https:\/\/api.w.org\/{rel}","templated":true}]}}