{"id":410,"date":"2026-01-16T09:52:10","date_gmt":"2026-01-16T08:52:10","guid":{"rendered":"http:\/\/lamaisondumagistrat.com\/?page_id=410"},"modified":"2026-01-26T10:25:36","modified_gmt":"2026-01-26T09:25:36","slug":"petit-dejeuner-2","status":"publish","type":"page","link":"https:\/\/lamaisondumagistrat.com\/index.php\/petit-dejeuner-2\/","title":{"rendered":"Petit-d\u00e9jeuner"},"content":{"rendered":"\n<p>Nous vous accueillons le matin dans la salle du petit-d\u00e9jeuner avec <strong>un buffet sucr\u00e9 et sal\u00e9 <\/strong>ainsi que des boissons chaudes.<\/p>\n\n\n\n<p>Les horaires habituels sont de <strong>7h30 \u00e0 10h<\/strong>, mais nous pouvons nous adapter \u00e0 des demandes ponctuelles pour un horaire particulier. Nous sommes toujours dans la recherche de votre satisfaction !<\/p>\n\n\n\n<figure class=\"wp-block-gallery has-nested-images columns-default is-cropped wp-block-gallery-1 is-layout-flex wp-block-gallery-is-layout-flex\">\n<figure class=\"wp-block-image size-large\"><img loading=\"lazy\" decoding=\"async\" width=\"776\" height=\"1024\" data-id=\"445\" src=\"http:\/\/lamaisondumagistrat.com\/wp-content\/uploads\/2026\/01\/IMG_7900-776x1024.jpg\" alt=\"\" class=\"wp-image-445\" srcset=\"https:\/\/lamaisondumagistrat.com\/wp-content\/uploads\/2026\/01\/IMG_7900-776x1024.jpg 776w, https:\/\/lamaisondumagistrat.com\/wp-content\/uploads\/2026\/01\/IMG_7900-227x300.jpg 227w, https:\/\/lamaisondumagistrat.com\/wp-content\/uploads\/2026\/01\/IMG_7900-768x1014.jpg 768w, https:\/\/lamaisondumagistrat.com\/wp-content\/uploads\/2026\/01\/IMG_7900-1164x1536.jpg 1164w, https:\/\/lamaisondumagistrat.com\/wp-content\/uploads\/2026\/01\/IMG_7900-9x12.jpg 9w, https:\/\/lamaisondumagistrat.com\/wp-content\/uploads\/2026\/01\/IMG_7900.jpg 1206w\" sizes=\"auto, (max-width: 776px) 100vw, 776px\" \/><\/figure>\n\n\n\n<figure class=\"wp-block-image size-large\"><img loading=\"lazy\" decoding=\"async\" width=\"1024\" height=\"762\" data-id=\"444\" src=\"http:\/\/lamaisondumagistrat.com\/wp-content\/uploads\/2026\/01\/IMG_7899-1024x762.jpg\" alt=\"\" class=\"wp-image-444\" srcset=\"https:\/\/lamaisondumagistrat.com\/wp-content\/uploads\/2026\/01\/IMG_7899-1024x762.jpg 1024w, https:\/\/lamaisondumagistrat.com\/wp-content\/uploads\/2026\/01\/IMG_7899-300x223.jpg 300w, https:\/\/lamaisondumagistrat.com\/wp-content\/uploads\/2026\/01\/IMG_7899-768x572.jpg 768w, https:\/\/lamaisondumagistrat.com\/wp-content\/uploads\/2026\/01\/IMG_7899-16x12.jpg 16w, https:\/\/lamaisondumagistrat.com\/wp-content\/uploads\/2026\/01\/IMG_7899.jpg 1206w\" sizes=\"auto, (max-width: 1024px) 100vw, 1024px\" \/><\/figure>\n\n\n\n<figure class=\"wp-block-image size-large\"><img loading=\"lazy\" decoding=\"async\" width=\"1024\" height=\"792\" data-id=\"443\" src=\"http:\/\/lamaisondumagistrat.com\/wp-content\/uploads\/2026\/01\/IMG_7898-1024x792.jpg\" alt=\"\" class=\"wp-image-443\" srcset=\"https:\/\/lamaisondumagistrat.com\/wp-content\/uploads\/2026\/01\/IMG_7898-1024x792.jpg 1024w, https:\/\/lamaisondumagistrat.com\/wp-content\/uploads\/2026\/01\/IMG_7898-300x232.jpg 300w, https:\/\/lamaisondumagistrat.com\/wp-content\/uploads\/2026\/01\/IMG_7898-768x594.jpg 768w, https:\/\/lamaisondumagistrat.com\/wp-content\/uploads\/2026\/01\/IMG_7898-16x12.jpg 16w, https:\/\/lamaisondumagistrat.com\/wp-content\/uploads\/2026\/01\/IMG_7898.jpg 1206w\" sizes=\"auto, (max-width: 1024px) 100vw, 1024px\" \/><\/figure>\n<\/figure>\n","protected":false},"excerpt":{"rendered":"<p>Nous vous accueillons le matin dans la salle du petit-d\u00e9jeuner avec un buffet sucr\u00e9 et sal\u00e9 ainsi que des boissons chaudes. Les horaires habituels sont de 7h30 \u00e0 10h, mais nous pouvons nous adapter \u00e0 des demandes ponctuelles pour un horaire particulier. Nous sommes toujours dans la recherche de votre satisfaction !<\/p>\n","protected":false},"author":1,"featured_media":444,"parent":0,"menu_order":0,"comment_status":"closed","ping_status":"closed","template":"","meta":{"footnotes":""},"class_list":["post-410","page","type-page","status-publish","has-post-thumbnail","hentry"],"yoast_head":"<!-- This site is optimized with the Yoast SEO plugin v26.8 - https:\/\/yoast.com\/product\/yoast-seo-wordpress\/ -->\n<title>Petit-d\u00e9jeuner - La Maison du Magistrat - 107 avenue des Corbi\u00e8res 11360 Durban-Corbi\u00e8res<\/title>\n<meta name=\"description\" content=\"Nous vous accueillons le matin dans la salle du petit-d\u00e9jeuner avec un buffet sucr\u00e9 et sal\u00e9 ainsi que des boissons chaudes.\" \/>\n<meta name=\"robots\" content=\"index, follow, max-snippet:-1, max-image-preview:large, max-video-preview:-1\" \/>\n<link rel=\"canonical\" href=\"https:\/\/lamaisondumagistrat.com\/index.php\/petit-dejeuner-2\/\" \/>\n<meta property=\"og:locale\" content=\"fr_FR\" \/>\n<meta property=\"og:type\" content=\"article\" \/>\n<meta property=\"og:title\" content=\"Petit-d\u00e9jeuner - La Maison du Magistrat - 107 avenue des Corbi\u00e8res 11360 Durban-Corbi\u00e8res\" \/>\n<meta property=\"og:description\" content=\"Nous vous accueillons le matin dans la salle du petit-d\u00e9jeuner avec un buffet sucr\u00e9 et sal\u00e9 ainsi que des boissons chaudes.\" \/>\n<meta property=\"og:url\" content=\"https:\/\/lamaisondumagistrat.com\/index.php\/petit-dejeuner-2\/\" \/>\n<meta property=\"og:site_name\" content=\"La Maison du Magistrat - 107 avenue des Corbi\u00e8res 11360 Durban-Corbi\u00e8res\" \/>\n<meta property=\"article:publisher\" content=\"https:\/\/www.facebook.com\/share\/1A8odxWteh\/?mibextid=wwXIfr\" \/>\n<meta property=\"article:modified_time\" content=\"2026-01-26T09:25:36+00:00\" \/>\n<meta property=\"og:image\" content=\"https:\/\/lamaisondumagistrat.com\/wp-content\/uploads\/2026\/01\/IMG_7899.jpg\" \/>\n\t<meta property=\"og:image:width\" content=\"1206\" \/>\n\t<meta property=\"og:image:height\" content=\"898\" \/>\n\t<meta property=\"og:image:type\" content=\"image\/jpeg\" \/>\n<meta name=\"twitter:card\" content=\"summary_large_image\" \/>\n<meta name=\"twitter:label1\" content=\"Dur\u00e9e de lecture estim\u00e9e\" \/>\n\t<meta name=\"twitter:data1\" content=\"2 minutes\" \/>\n<script type=\"application\/ld+json\" class=\"yoast-schema-graph\">{\"@context\":\"https:\/\/schema.org\",\"@graph\":[{\"@type\":\"WebPage\",\"@id\":\"https:\/\/lamaisondumagistrat.com\/index.php\/petit-dejeuner-2\/\",\"url\":\"https:\/\/lamaisondumagistrat.com\/index.php\/petit-dejeuner-2\/\",\"name\":\"Petit-d\u00e9jeuner - La Maison du Magistrat - 107 avenue des Corbi\u00e8res 11360 Durban-Corbi\u00e8res\",\"isPartOf\":{\"@id\":\"https:\/\/lamaisondumagistrat.com\/#website\"},\"primaryImageOfPage\":{\"@id\":\"https:\/\/lamaisondumagistrat.com\/index.php\/petit-dejeuner-2\/#primaryimage\"},\"image\":{\"@id\":\"https:\/\/lamaisondumagistrat.com\/index.php\/petit-dejeuner-2\/#primaryimage\"},\"thumbnailUrl\":\"https:\/\/lamaisondumagistrat.com\/wp-content\/uploads\/2026\/01\/IMG_7899.jpg\",\"datePublished\":\"2026-01-16T08:52:10+00:00\",\"dateModified\":\"2026-01-26T09:25:36+00:00\",\"description\":\"Nous vous accueillons le matin dans la salle du petit-d\u00e9jeuner avec un buffet sucr\u00e9 et sal\u00e9 ainsi que des boissons chaudes.\",\"breadcrumb\":{\"@id\":\"https:\/\/lamaisondumagistrat.com\/index.php\/petit-dejeuner-2\/#breadcrumb\"},\"inLanguage\":\"fr-FR\",\"potentialAction\":[{\"@type\":\"ReadAction\",\"target\":[\"https:\/\/lamaisondumagistrat.com\/index.php\/petit-dejeuner-2\/\"]}]},{\"@type\":\"ImageObject\",\"inLanguage\":\"fr-FR\",\"@id\":\"https:\/\/lamaisondumagistrat.com\/index.php\/petit-dejeuner-2\/#primaryimage\",\"url\":\"https:\/\/lamaisondumagistrat.com\/wp-content\/uploads\/2026\/01\/IMG_7899.jpg\",\"contentUrl\":\"https:\/\/lamaisondumagistrat.com\/wp-content\/uploads\/2026\/01\/IMG_7899.jpg\",\"width\":1206,\"height\":898},{\"@type\":\"BreadcrumbList\",\"@id\":\"https:\/\/lamaisondumagistrat.com\/index.php\/petit-dejeuner-2\/#breadcrumb\",\"itemListElement\":[{\"@type\":\"ListItem\",\"position\":1,\"name\":\"Accueil\",\"item\":\"https:\/\/lamaisondumagistrat.com\/\"},{\"@type\":\"ListItem\",\"position\":2,\"name\":\"Petit-d\u00e9jeuner\"}]},{\"@type\":\"WebSite\",\"@id\":\"https:\/\/lamaisondumagistrat.com\/#website\",\"url\":\"https:\/\/lamaisondumagistrat.com\/\",\"name\":\"La Maison du Magistrat\",\"description\":\"Un voyage hors du temps dans les Corbi\u00e8res...\",\"publisher\":{\"@id\":\"https:\/\/lamaisondumagistrat.com\/#organization\"},\"potentialAction\":[{\"@type\":\"SearchAction\",\"target\":{\"@type\":\"EntryPoint\",\"urlTemplate\":\"https:\/\/lamaisondumagistrat.com\/?s={search_term_string}\"},\"query-input\":{\"@type\":\"PropertyValueSpecification\",\"valueRequired\":true,\"valueName\":\"search_term_string\"}}],\"inLanguage\":\"fr-FR\"},{\"@type\":\"Organization\",\"@id\":\"https:\/\/lamaisondumagistrat.com\/#organization\",\"name\":\"La Maison du Magistrat\",\"url\":\"https:\/\/lamaisondumagistrat.com\/\",\"logo\":{\"@type\":\"ImageObject\",\"inLanguage\":\"fr-FR\",\"@id\":\"https:\/\/lamaisondumagistrat.com\/#\/schema\/logo\/image\/\",\"url\":\"http:\/\/lamaisondumagistrat.com\/wp-content\/uploads\/2026\/01\/la-maison-du-magistrat-logo.png\",\"contentUrl\":\"http:\/\/lamaisondumagistrat.com\/wp-content\/uploads\/2026\/01\/la-maison-du-magistrat-logo.png\",\"width\":1563,\"height\":1563,\"caption\":\"La Maison du Magistrat\"},\"image\":{\"@id\":\"https:\/\/lamaisondumagistrat.com\/#\/schema\/logo\/image\/\"},\"sameAs\":[\"https:\/\/www.facebook.com\/share\/1A8odxWteh\/?mibextid=wwXIfr\",\"https:\/\/www.instagram.com\/maisondumagistrat?igsh=NWhvbGN1dDcyaThu\"]}]}<\/script>\n<!-- \/ Yoast SEO plugin. -->","yoast_head_json":{"title":"Petit-d\u00e9jeuner - La Maison du Magistrat - 107 avenue des Corbi\u00e8res 11360 Durban-Corbi\u00e8res","description":"Nous vous accueillons le matin dans la salle du petit-d\u00e9jeuner avec un buffet sucr\u00e9 et sal\u00e9 ainsi que des boissons chaudes.","robots":{"index":"index","follow":"follow","max-snippet":"max-snippet:-1","max-image-preview":"max-image-preview:large","max-video-preview":"max-video-preview:-1"},"canonical":"https:\/\/lamaisondumagistrat.com\/index.php\/petit-dejeuner-2\/","og_locale":"fr_FR","og_type":"article","og_title":"Petit-d\u00e9jeuner - La Maison du Magistrat - 107 avenue des Corbi\u00e8res 11360 Durban-Corbi\u00e8res","og_description":"Nous vous accueillons le matin dans la salle du petit-d\u00e9jeuner avec un buffet sucr\u00e9 et sal\u00e9 ainsi que des boissons chaudes.","og_url":"https:\/\/lamaisondumagistrat.com\/index.php\/petit-dejeuner-2\/","og_site_name":"La Maison du Magistrat - 107 avenue des Corbi\u00e8res 11360 Durban-Corbi\u00e8res","article_publisher":"https:\/\/www.facebook.com\/share\/1A8odxWteh\/?mibextid=wwXIfr","article_modified_time":"2026-01-26T09:25:36+00:00","og_image":[{"width":1206,"height":898,"url":"https:\/\/lamaisondumagistrat.com\/wp-content\/uploads\/2026\/01\/IMG_7899.jpg","type":"image\/jpeg"}],"twitter_card":"summary_large_image","twitter_misc":{"Dur\u00e9e de lecture estim\u00e9e":"2 minutes"},"schema":{"@context":"https:\/\/schema.org","@graph":[{"@type":"WebPage","@id":"https:\/\/lamaisondumagistrat.com\/index.php\/petit-dejeuner-2\/","url":"https:\/\/lamaisondumagistrat.com\/index.php\/petit-dejeuner-2\/","name":"Petit-d\u00e9jeuner - La Maison du Magistrat - 107 avenue des Corbi\u00e8res 11360 Durban-Corbi\u00e8res","isPartOf":{"@id":"https:\/\/lamaisondumagistrat.com\/#website"},"primaryImageOfPage":{"@id":"https:\/\/lamaisondumagistrat.com\/index.php\/petit-dejeuner-2\/#primaryimage"},"image":{"@id":"https:\/\/lamaisondumagistrat.com\/index.php\/petit-dejeuner-2\/#primaryimage"},"thumbnailUrl":"https:\/\/lamaisondumagistrat.com\/wp-content\/uploads\/2026\/01\/IMG_7899.jpg","datePublished":"2026-01-16T08:52:10+00:00","dateModified":"2026-01-26T09:25:36+00:00","description":"Nous vous accueillons le matin dans la salle du petit-d\u00e9jeuner avec un buffet sucr\u00e9 et sal\u00e9 ainsi que des boissons chaudes.","breadcrumb":{"@id":"https:\/\/lamaisondumagistrat.com\/index.php\/petit-dejeuner-2\/#breadcrumb"},"inLanguage":"fr-FR","potentialAction":[{"@type":"ReadAction","target":["https:\/\/lamaisondumagistrat.com\/index.php\/petit-dejeuner-2\/"]}]},{"@type":"ImageObject","inLanguage":"fr-FR","@id":"https:\/\/lamaisondumagistrat.com\/index.php\/petit-dejeuner-2\/#primaryimage","url":"https:\/\/lamaisondumagistrat.com\/wp-content\/uploads\/2026\/01\/IMG_7899.jpg","contentUrl":"https:\/\/lamaisondumagistrat.com\/wp-content\/uploads\/2026\/01\/IMG_7899.jpg","width":1206,"height":898},{"@type":"BreadcrumbList","@id":"https:\/\/lamaisondumagistrat.com\/index.php\/petit-dejeuner-2\/#breadcrumb","itemListElement":[{"@type":"ListItem","position":1,"name":"Accueil","item":"https:\/\/lamaisondumagistrat.com\/"},{"@type":"ListItem","position":2,"name":"Petit-d\u00e9jeuner"}]},{"@type":"WebSite","@id":"https:\/\/lamaisondumagistrat.com\/#website","url":"https:\/\/lamaisondumagistrat.com\/","name":"La Maison du Magistrat","description":"Un voyage hors du temps dans les Corbi\u00e8res...","publisher":{"@id":"https:\/\/lamaisondumagistrat.com\/#organization"},"potentialAction":[{"@type":"SearchAction","target":{"@type":"EntryPoint","urlTemplate":"https:\/\/lamaisondumagistrat.com\/?s={search_term_string}"},"query-input":{"@type":"PropertyValueSpecification","valueRequired":true,"valueName":"search_term_string"}}],"inLanguage":"fr-FR"},{"@type":"Organization","@id":"https:\/\/lamaisondumagistrat.com\/#organization","name":"La Maison du Magistrat","url":"https:\/\/lamaisondumagistrat.com\/","logo":{"@type":"ImageObject","inLanguage":"fr-FR","@id":"https:\/\/lamaisondumagistrat.com\/#\/schema\/logo\/image\/","url":"http:\/\/lamaisondumagistrat.com\/wp-content\/uploads\/2026\/01\/la-maison-du-magistrat-logo.png","contentUrl":"http:\/\/lamaisondumagistrat.com\/wp-content\/uploads\/2026\/01\/la-maison-du-magistrat-logo.png","width":1563,"height":1563,"caption":"La Maison du Magistrat"},"image":{"@id":"https:\/\/lamaisondumagistrat.com\/#\/schema\/logo\/image\/"},"sameAs":["https:\/\/www.facebook.com\/share\/1A8odxWteh\/?mibextid=wwXIfr","https:\/\/www.instagram.com\/maisondumagistrat?igsh=NWhvbGN1dDcyaThu"]}]}},"_links":{"self":[{"href":"https:\/\/lamaisondumagistrat.com\/index.php\/wp-json\/wp\/v2\/pages\/410","targetHints":{"allow":["GET"]}}],"collection":[{"href":"https:\/\/lamaisondumagistrat.com\/index.php\/wp-json\/wp\/v2\/pages"}],"about":[{"href":"https:\/\/lamaisondumagistrat.com\/index.php\/wp-json\/wp\/v2\/types\/page"}],"author":[{"embeddable":true,"href":"https:\/\/lamaisondumagistrat.com\/index.php\/wp-json\/wp\/v2\/users\/1"}],"replies":[{"embeddable":true,"href":"https:\/\/lamaisondumagistrat.com\/index.php\/wp-json\/wp\/v2\/comments?post=410"}],"version-history":[{"count":5,"href":"https:\/\/lamaisondumagistrat.com\/index.php\/wp-json\/wp\/v2\/pages\/410\/revisions"}],"predecessor-version":[{"id":513,"href":"https:\/\/lamaisondumagistrat.com\/index.php\/wp-json\/wp\/v2\/pages\/410\/revisions\/513"}],"wp:featuredmedia":[{"embeddable":true,"href":"https:\/\/lamaisondumagistrat.com\/index.php\/wp-json\/wp\/v2\/media\/444"}],"wp:attachment":[{"href":"https:\/\/lamaisondumagistrat.com\/index.php\/wp-json\/wp\/v2\/media?parent=410"}],"curies":[{"name":"wp","href":"https:\/\/api.w.org\/{rel}","templated":true}]}}