{"id":83,"date":"2026-01-12T15:15:24","date_gmt":"2026-01-12T14:15:24","guid":{"rendered":"http:\/\/lamaisondumagistrat.com\/index.php\/chambres\/"},"modified":"2026-01-16T11:07:50","modified_gmt":"2026-01-16T10:07:50","slug":"chambres","status":"publish","type":"page","link":"https:\/\/lamaisondumagistrat.com\/index.php\/chambres\/","title":{"rendered":"Chambres"},"content":{"rendered":"\n<p>Toutes les chambres sont \u00e9quip\u00e9es d\u2019une machine \u00e0 caf\u00e9 Dolce Gusto, capsules fournies, et d\u2019une bouilloire avec sachets de th\u00e9 et tisanes. Plateau de courtoisie avec tasses, verres, tire-bouchon et bouteilles de l\u2019eau min\u00e9rale.<br>Il y a \u00e9galement une table et deux chaises.<\/p>\n\n\n\n<h2 class=\"wp-block-heading has-meow-script-font-family has-superbfont-xlarge-font-size\">\u00ab\u00a0R\u00e9servez votre voyage hors du temps\u00a0\u00bb<\/h2>\n\n\n\n<figure class=\"wp-block-image size-full\"><img loading=\"lazy\" decoding=\"async\" width=\"640\" height=\"480\" src=\"http:\/\/lamaisondumagistrat.com\/wp-content\/uploads\/2026\/01\/chambre-Alphonse-de-Lamartine-la-maison-du-magistrat-Durban-Corbieres-1.jpeg\" alt=\"\" class=\"wp-image-198\" srcset=\"https:\/\/lamaisondumagistrat.com\/wp-content\/uploads\/2026\/01\/chambre-Alphonse-de-Lamartine-la-maison-du-magistrat-Durban-Corbieres-1.jpeg 640w, https:\/\/lamaisondumagistrat.com\/wp-content\/uploads\/2026\/01\/chambre-Alphonse-de-Lamartine-la-maison-du-magistrat-Durban-Corbieres-1-300x225.jpeg 300w\" sizes=\"auto, (max-width: 640px) 100vw, 640px\" \/><\/figure>\n\n\n\n<p>Le linge de lit est en pur coton, oreillers et duvets en plumes.<br>Couvertures suppl\u00e9mentaires en laine dans les armoires o\u00f9 vous trouverez aussi un petit coffre-fort.<br>Dans les salles d\u2019eau il y a un s\u00e8che-cheveux et produits de toilette.<br>Le wifi fibre est gratuit et passe bien, malgr\u00e9 les grandes dimensions de la maison, gr\u00e2ce aux r\u00e9p\u00e9titeurs.<\/p>\n\n\n\n<div class=\"wp-block-buttons is-content-justification-center is-layout-flex wp-container-core-buttons-is-layout-a89b3969 wp-block-buttons-is-layout-flex\">\n<div class=\"wp-block-button\"><a class=\"wp-block-button__link wp-element-button\" href=\"http:\/\/lamaisondumagistrat.com\/index.php\/reservations\/\">R\u00e9servez votre s\u00e9jour chez nous<\/a><\/div>\n<\/div>\n\n\n\n<div class=\"wp-block-columns is-layout-flex wp-container-core-columns-is-layout-28f84493 wp-block-columns-is-layout-flex\">\n<div class=\"wp-block-column is-layout-flow wp-block-column-is-layout-flow\">\n<figure class=\"wp-block-image size-large\"><a href=\"http:\/\/lamaisondumagistrat.com\/index.php\/chambre-alphonse-de-lamartine\/\"><img loading=\"lazy\" decoding=\"async\" width=\"1024\" height=\"585\" src=\"http:\/\/lamaisondumagistrat.com\/wp-content\/uploads\/2026\/01\/chambre-Alphonse-de-Lamartine-1024x585.jpg\" alt=\"\" class=\"wp-image-161\" srcset=\"https:\/\/lamaisondumagistrat.com\/wp-content\/uploads\/2026\/01\/chambre-Alphonse-de-Lamartine-1024x585.jpg 1024w, https:\/\/lamaisondumagistrat.com\/wp-content\/uploads\/2026\/01\/chambre-Alphonse-de-Lamartine-300x171.jpg 300w, https:\/\/lamaisondumagistrat.com\/wp-content\/uploads\/2026\/01\/chambre-Alphonse-de-Lamartine-768x439.jpg 768w, https:\/\/lamaisondumagistrat.com\/wp-content\/uploads\/2026\/01\/chambre-Alphonse-de-Lamartine-1536x878.jpg 1536w, https:\/\/lamaisondumagistrat.com\/wp-content\/uploads\/2026\/01\/chambre-Alphonse-de-Lamartine.jpg 1969w\" sizes=\"auto, (max-width: 1024px) 100vw, 1024px\" \/><\/a><\/figure>\n<\/div>\n\n\n\n<div class=\"wp-block-column is-layout-flow wp-block-column-is-layout-flow\">\n<figure class=\"wp-block-image size-large\"><a href=\"http:\/\/lamaisondumagistrat.com\/index.php\/chambre-charles-baudelaire\/\"><img loading=\"lazy\" decoding=\"async\" width=\"1024\" height=\"585\" src=\"http:\/\/lamaisondumagistrat.com\/wp-content\/uploads\/2026\/01\/chambre-Charles-Beaudelaire-1024x585.jpg\" alt=\"\" class=\"wp-image-163\" srcset=\"https:\/\/lamaisondumagistrat.com\/wp-content\/uploads\/2026\/01\/chambre-Charles-Beaudelaire-1024x585.jpg 1024w, https:\/\/lamaisondumagistrat.com\/wp-content\/uploads\/2026\/01\/chambre-Charles-Beaudelaire-300x171.jpg 300w, https:\/\/lamaisondumagistrat.com\/wp-content\/uploads\/2026\/01\/chambre-Charles-Beaudelaire-768x439.jpg 768w, https:\/\/lamaisondumagistrat.com\/wp-content\/uploads\/2026\/01\/chambre-Charles-Beaudelaire-1536x878.jpg 1536w, https:\/\/lamaisondumagistrat.com\/wp-content\/uploads\/2026\/01\/chambre-Charles-Beaudelaire.jpg 1969w\" sizes=\"auto, (max-width: 1024px) 100vw, 1024px\" \/><\/a><\/figure>\n<\/div>\n<\/div>\n\n\n\n<div class=\"wp-block-columns is-layout-flex wp-container-core-columns-is-layout-28f84493 wp-block-columns-is-layout-flex\">\n<div class=\"wp-block-column is-layout-flow wp-block-column-is-layout-flow\">\n<figure class=\"wp-block-image size-large\"><a href=\"http:\/\/lamaisondumagistrat.com\/index.php\/chambre-paul-verlaine\/\"><img loading=\"lazy\" decoding=\"async\" width=\"1024\" height=\"585\" src=\"http:\/\/lamaisondumagistrat.com\/wp-content\/uploads\/2026\/01\/chambre-Paul-Verlaine-1024x585.jpg\" alt=\"\" class=\"wp-image-165\" srcset=\"https:\/\/lamaisondumagistrat.com\/wp-content\/uploads\/2026\/01\/chambre-Paul-Verlaine-1024x585.jpg 1024w, https:\/\/lamaisondumagistrat.com\/wp-content\/uploads\/2026\/01\/chambre-Paul-Verlaine-300x171.jpg 300w, https:\/\/lamaisondumagistrat.com\/wp-content\/uploads\/2026\/01\/chambre-Paul-Verlaine-768x439.jpg 768w, https:\/\/lamaisondumagistrat.com\/wp-content\/uploads\/2026\/01\/chambre-Paul-Verlaine-1536x878.jpg 1536w, https:\/\/lamaisondumagistrat.com\/wp-content\/uploads\/2026\/01\/chambre-Paul-Verlaine.jpg 1969w\" sizes=\"auto, (max-width: 1024px) 100vw, 1024px\" \/><\/a><\/figure>\n<\/div>\n\n\n\n<div class=\"wp-block-column is-layout-flow wp-block-column-is-layout-flow\">\n<figure class=\"wp-block-image size-large\"><a href=\"http:\/\/lamaisondumagistrat.com\/index.php\/chambre-arthur-rimbaud\/\"><img loading=\"lazy\" decoding=\"async\" width=\"1024\" height=\"585\" src=\"http:\/\/lamaisondumagistrat.com\/wp-content\/uploads\/2026\/01\/chambre-Arthur-Rimbaud-1024x585.jpg\" alt=\"\" class=\"wp-image-162\" srcset=\"https:\/\/lamaisondumagistrat.com\/wp-content\/uploads\/2026\/01\/chambre-Arthur-Rimbaud-1024x585.jpg 1024w, https:\/\/lamaisondumagistrat.com\/wp-content\/uploads\/2026\/01\/chambre-Arthur-Rimbaud-300x171.jpg 300w, https:\/\/lamaisondumagistrat.com\/wp-content\/uploads\/2026\/01\/chambre-Arthur-Rimbaud-768x439.jpg 768w, https:\/\/lamaisondumagistrat.com\/wp-content\/uploads\/2026\/01\/chambre-Arthur-Rimbaud-1536x878.jpg 1536w, https:\/\/lamaisondumagistrat.com\/wp-content\/uploads\/2026\/01\/chambre-Arthur-Rimbaud.jpg 1969w\" sizes=\"auto, (max-width: 1024px) 100vw, 1024px\" \/><\/a><\/figure>\n<\/div>\n<\/div>\n\n\n\n<div class=\"wp-block-columns is-layout-flex wp-container-core-columns-is-layout-28f84493 wp-block-columns-is-layout-flex\">\n<div class=\"wp-block-column is-layout-flow wp-block-column-is-layout-flow\">\n<figure class=\"wp-block-image size-large\"><a href=\"http:\/\/lamaisondumagistrat.com\/index.php\/chambre-comtesse-de-noailles\/\"><img loading=\"lazy\" decoding=\"async\" width=\"1024\" height=\"585\" src=\"http:\/\/lamaisondumagistrat.com\/wp-content\/uploads\/2026\/01\/chambre-Comtesse-de-Noailles-1024x585.jpg\" alt=\"\" class=\"wp-image-164\" srcset=\"https:\/\/lamaisondumagistrat.com\/wp-content\/uploads\/2026\/01\/chambre-Comtesse-de-Noailles-1024x585.jpg 1024w, https:\/\/lamaisondumagistrat.com\/wp-content\/uploads\/2026\/01\/chambre-Comtesse-de-Noailles-300x171.jpg 300w, https:\/\/lamaisondumagistrat.com\/wp-content\/uploads\/2026\/01\/chambre-Comtesse-de-Noailles-768x439.jpg 768w, https:\/\/lamaisondumagistrat.com\/wp-content\/uploads\/2026\/01\/chambre-Comtesse-de-Noailles-1536x878.jpg 1536w, https:\/\/lamaisondumagistrat.com\/wp-content\/uploads\/2026\/01\/chambre-Comtesse-de-Noailles.jpg 1969w\" sizes=\"auto, (max-width: 1024px) 100vw, 1024px\" \/><\/a><\/figure>\n<\/div>\n\n\n\n<div class=\"wp-block-column is-layout-flow wp-block-column-is-layout-flow\"><\/div>\n<\/div>\n","protected":false},"excerpt":{"rendered":"<p>Toutes les chambres sont \u00e9quip\u00e9es d\u2019une machine \u00e0 caf\u00e9 Dolce Gusto, capsules fournies, et d\u2019une bouilloire avec sachets de th\u00e9 et tisanes. Plateau de courtoisie avec tasses, verres, tire-bouchon et bouteilles de l\u2019eau min\u00e9rale.Il y a \u00e9galement une table et deux chaises. \u00ab\u00a0R\u00e9servez votre voyage hors du temps\u00a0\u00bb Le linge de lit est en pur [&hellip;]<\/p>\n","protected":false},"author":1,"featured_media":226,"parent":0,"menu_order":0,"comment_status":"closed","ping_status":"closed","template":"","meta":{"footnotes":""},"class_list":["post-83","page","type-page","status-publish","has-post-thumbnail","hentry"],"yoast_head":"<!-- This site is optimized with the Yoast SEO plugin v26.8 - https:\/\/yoast.com\/product\/yoast-seo-wordpress\/ -->\n<title>Chambres - La Maison du Magistrat - 107 avenue des Corbi\u00e8res 11360 Durban-Corbi\u00e8res<\/title>\n<meta name=\"description\" content=\"D\u00e9couvrez nos chambres harmonieuses, joliment d\u00e9cor\u00e9es et toutes \u00e9quip\u00e9es pour votre plus grand confort durant votre s\u00e9jour.\" \/>\n<meta name=\"robots\" content=\"index, follow, max-snippet:-1, max-image-preview:large, max-video-preview:-1\" \/>\n<link rel=\"canonical\" href=\"https:\/\/lamaisondumagistrat.com\/index.php\/chambres\/\" \/>\n<meta property=\"og:locale\" content=\"fr_FR\" \/>\n<meta property=\"og:type\" content=\"article\" \/>\n<meta property=\"og:title\" content=\"Chambres - La Maison du Magistrat - 107 avenue des Corbi\u00e8res 11360 Durban-Corbi\u00e8res\" \/>\n<meta property=\"og:description\" content=\"D\u00e9couvrez nos chambres harmonieuses, joliment d\u00e9cor\u00e9es et toutes \u00e9quip\u00e9es pour votre plus grand confort durant votre s\u00e9jour.\" \/>\n<meta property=\"og:url\" content=\"https:\/\/lamaisondumagistrat.com\/index.php\/chambres\/\" \/>\n<meta property=\"og:site_name\" content=\"La Maison du Magistrat - 107 avenue des Corbi\u00e8res 11360 Durban-Corbi\u00e8res\" \/>\n<meta property=\"article:publisher\" content=\"https:\/\/www.facebook.com\/share\/1A8odxWteh\/?mibextid=wwXIfr\" \/>\n<meta property=\"article:modified_time\" content=\"2026-01-16T10:07:50+00:00\" \/>\n<meta property=\"og:image\" content=\"https:\/\/lamaisondumagistrat.com\/wp-content\/uploads\/2026\/01\/chambre-Comtesse-de-Noailles-la-maison-du-magistrat-Durban-Corbieres-1.jpeg\" \/>\n\t<meta property=\"og:image:width\" content=\"640\" \/>\n\t<meta property=\"og:image:height\" content=\"480\" \/>\n\t<meta property=\"og:image:type\" content=\"image\/jpeg\" \/>\n<meta name=\"twitter:card\" content=\"summary_large_image\" \/>\n<meta name=\"twitter:label1\" content=\"Dur\u00e9e de lecture estim\u00e9e\" \/>\n\t<meta name=\"twitter:data1\" content=\"2 minutes\" \/>\n<script type=\"application\/ld+json\" class=\"yoast-schema-graph\">{\"@context\":\"https:\/\/schema.org\",\"@graph\":[{\"@type\":\"WebPage\",\"@id\":\"https:\/\/lamaisondumagistrat.com\/index.php\/chambres\/\",\"url\":\"https:\/\/lamaisondumagistrat.com\/index.php\/chambres\/\",\"name\":\"Chambres - La Maison du Magistrat - 107 avenue des Corbi\u00e8res 11360 Durban-Corbi\u00e8res\",\"isPartOf\":{\"@id\":\"https:\/\/lamaisondumagistrat.com\/#website\"},\"primaryImageOfPage\":{\"@id\":\"https:\/\/lamaisondumagistrat.com\/index.php\/chambres\/#primaryimage\"},\"image\":{\"@id\":\"https:\/\/lamaisondumagistrat.com\/index.php\/chambres\/#primaryimage\"},\"thumbnailUrl\":\"https:\/\/lamaisondumagistrat.com\/wp-content\/uploads\/2026\/01\/chambre-Comtesse-de-Noailles-la-maison-du-magistrat-Durban-Corbieres-1.jpeg\",\"datePublished\":\"2026-01-12T14:15:24+00:00\",\"dateModified\":\"2026-01-16T10:07:50+00:00\",\"description\":\"D\u00e9couvrez nos chambres harmonieuses, joliment d\u00e9cor\u00e9es et toutes \u00e9quip\u00e9es pour votre plus grand confort durant votre s\u00e9jour.\",\"breadcrumb\":{\"@id\":\"https:\/\/lamaisondumagistrat.com\/index.php\/chambres\/#breadcrumb\"},\"inLanguage\":\"fr-FR\",\"potentialAction\":[{\"@type\":\"ReadAction\",\"target\":[\"https:\/\/lamaisondumagistrat.com\/index.php\/chambres\/\"]}]},{\"@type\":\"ImageObject\",\"inLanguage\":\"fr-FR\",\"@id\":\"https:\/\/lamaisondumagistrat.com\/index.php\/chambres\/#primaryimage\",\"url\":\"https:\/\/lamaisondumagistrat.com\/wp-content\/uploads\/2026\/01\/chambre-Comtesse-de-Noailles-la-maison-du-magistrat-Durban-Corbieres-1.jpeg\",\"contentUrl\":\"https:\/\/lamaisondumagistrat.com\/wp-content\/uploads\/2026\/01\/chambre-Comtesse-de-Noailles-la-maison-du-magistrat-Durban-Corbieres-1.jpeg\",\"width\":640,\"height\":480},{\"@type\":\"BreadcrumbList\",\"@id\":\"https:\/\/lamaisondumagistrat.com\/index.php\/chambres\/#breadcrumb\",\"itemListElement\":[{\"@type\":\"ListItem\",\"position\":1,\"name\":\"Accueil\",\"item\":\"https:\/\/lamaisondumagistrat.com\/\"},{\"@type\":\"ListItem\",\"position\":2,\"name\":\"Chambres\"}]},{\"@type\":\"WebSite\",\"@id\":\"https:\/\/lamaisondumagistrat.com\/#website\",\"url\":\"https:\/\/lamaisondumagistrat.com\/\",\"name\":\"La Maison du Magistrat\",\"description\":\"Un voyage hors du temps dans les Corbi\u00e8res...\",\"publisher\":{\"@id\":\"https:\/\/lamaisondumagistrat.com\/#organization\"},\"potentialAction\":[{\"@type\":\"SearchAction\",\"target\":{\"@type\":\"EntryPoint\",\"urlTemplate\":\"https:\/\/lamaisondumagistrat.com\/?s={search_term_string}\"},\"query-input\":{\"@type\":\"PropertyValueSpecification\",\"valueRequired\":true,\"valueName\":\"search_term_string\"}}],\"inLanguage\":\"fr-FR\"},{\"@type\":\"Organization\",\"@id\":\"https:\/\/lamaisondumagistrat.com\/#organization\",\"name\":\"La Maison du Magistrat\",\"url\":\"https:\/\/lamaisondumagistrat.com\/\",\"logo\":{\"@type\":\"ImageObject\",\"inLanguage\":\"fr-FR\",\"@id\":\"https:\/\/lamaisondumagistrat.com\/#\/schema\/logo\/image\/\",\"url\":\"http:\/\/lamaisondumagistrat.com\/wp-content\/uploads\/2026\/01\/la-maison-du-magistrat-logo.png\",\"contentUrl\":\"http:\/\/lamaisondumagistrat.com\/wp-content\/uploads\/2026\/01\/la-maison-du-magistrat-logo.png\",\"width\":1563,\"height\":1563,\"caption\":\"La Maison du Magistrat\"},\"image\":{\"@id\":\"https:\/\/lamaisondumagistrat.com\/#\/schema\/logo\/image\/\"},\"sameAs\":[\"https:\/\/www.facebook.com\/share\/1A8odxWteh\/?mibextid=wwXIfr\",\"https:\/\/www.instagram.com\/maisondumagistrat?igsh=NWhvbGN1dDcyaThu\"]}]}<\/script>\n<!-- \/ Yoast SEO plugin. -->","yoast_head_json":{"title":"Chambres - La Maison du Magistrat - 107 avenue des Corbi\u00e8res 11360 Durban-Corbi\u00e8res","description":"D\u00e9couvrez nos chambres harmonieuses, joliment d\u00e9cor\u00e9es et toutes \u00e9quip\u00e9es pour votre plus grand confort durant votre s\u00e9jour.","robots":{"index":"index","follow":"follow","max-snippet":"max-snippet:-1","max-image-preview":"max-image-preview:large","max-video-preview":"max-video-preview:-1"},"canonical":"https:\/\/lamaisondumagistrat.com\/index.php\/chambres\/","og_locale":"fr_FR","og_type":"article","og_title":"Chambres - La Maison du Magistrat - 107 avenue des Corbi\u00e8res 11360 Durban-Corbi\u00e8res","og_description":"D\u00e9couvrez nos chambres harmonieuses, joliment d\u00e9cor\u00e9es et toutes \u00e9quip\u00e9es pour votre plus grand confort durant votre s\u00e9jour.","og_url":"https:\/\/lamaisondumagistrat.com\/index.php\/chambres\/","og_site_name":"La Maison du Magistrat - 107 avenue des Corbi\u00e8res 11360 Durban-Corbi\u00e8res","article_publisher":"https:\/\/www.facebook.com\/share\/1A8odxWteh\/?mibextid=wwXIfr","article_modified_time":"2026-01-16T10:07:50+00:00","og_image":[{"width":640,"height":480,"url":"https:\/\/lamaisondumagistrat.com\/wp-content\/uploads\/2026\/01\/chambre-Comtesse-de-Noailles-la-maison-du-magistrat-Durban-Corbieres-1.jpeg","type":"image\/jpeg"}],"twitter_card":"summary_large_image","twitter_misc":{"Dur\u00e9e de lecture estim\u00e9e":"2 minutes"},"schema":{"@context":"https:\/\/schema.org","@graph":[{"@type":"WebPage","@id":"https:\/\/lamaisondumagistrat.com\/index.php\/chambres\/","url":"https:\/\/lamaisondumagistrat.com\/index.php\/chambres\/","name":"Chambres - La Maison du Magistrat - 107 avenue des Corbi\u00e8res 11360 Durban-Corbi\u00e8res","isPartOf":{"@id":"https:\/\/lamaisondumagistrat.com\/#website"},"primaryImageOfPage":{"@id":"https:\/\/lamaisondumagistrat.com\/index.php\/chambres\/#primaryimage"},"image":{"@id":"https:\/\/lamaisondumagistrat.com\/index.php\/chambres\/#primaryimage"},"thumbnailUrl":"https:\/\/lamaisondumagistrat.com\/wp-content\/uploads\/2026\/01\/chambre-Comtesse-de-Noailles-la-maison-du-magistrat-Durban-Corbieres-1.jpeg","datePublished":"2026-01-12T14:15:24+00:00","dateModified":"2026-01-16T10:07:50+00:00","description":"D\u00e9couvrez nos chambres harmonieuses, joliment d\u00e9cor\u00e9es et toutes \u00e9quip\u00e9es pour votre plus grand confort durant votre s\u00e9jour.","breadcrumb":{"@id":"https:\/\/lamaisondumagistrat.com\/index.php\/chambres\/#breadcrumb"},"inLanguage":"fr-FR","potentialAction":[{"@type":"ReadAction","target":["https:\/\/lamaisondumagistrat.com\/index.php\/chambres\/"]}]},{"@type":"ImageObject","inLanguage":"fr-FR","@id":"https:\/\/lamaisondumagistrat.com\/index.php\/chambres\/#primaryimage","url":"https:\/\/lamaisondumagistrat.com\/wp-content\/uploads\/2026\/01\/chambre-Comtesse-de-Noailles-la-maison-du-magistrat-Durban-Corbieres-1.jpeg","contentUrl":"https:\/\/lamaisondumagistrat.com\/wp-content\/uploads\/2026\/01\/chambre-Comtesse-de-Noailles-la-maison-du-magistrat-Durban-Corbieres-1.jpeg","width":640,"height":480},{"@type":"BreadcrumbList","@id":"https:\/\/lamaisondumagistrat.com\/index.php\/chambres\/#breadcrumb","itemListElement":[{"@type":"ListItem","position":1,"name":"Accueil","item":"https:\/\/lamaisondumagistrat.com\/"},{"@type":"ListItem","position":2,"name":"Chambres"}]},{"@type":"WebSite","@id":"https:\/\/lamaisondumagistrat.com\/#website","url":"https:\/\/lamaisondumagistrat.com\/","name":"La Maison du Magistrat","description":"Un voyage hors du temps dans les Corbi\u00e8res...","publisher":{"@id":"https:\/\/lamaisondumagistrat.com\/#organization"},"potentialAction":[{"@type":"SearchAction","target":{"@type":"EntryPoint","urlTemplate":"https:\/\/lamaisondumagistrat.com\/?s={search_term_string}"},"query-input":{"@type":"PropertyValueSpecification","valueRequired":true,"valueName":"search_term_string"}}],"inLanguage":"fr-FR"},{"@type":"Organization","@id":"https:\/\/lamaisondumagistrat.com\/#organization","name":"La Maison du Magistrat","url":"https:\/\/lamaisondumagistrat.com\/","logo":{"@type":"ImageObject","inLanguage":"fr-FR","@id":"https:\/\/lamaisondumagistrat.com\/#\/schema\/logo\/image\/","url":"http:\/\/lamaisondumagistrat.com\/wp-content\/uploads\/2026\/01\/la-maison-du-magistrat-logo.png","contentUrl":"http:\/\/lamaisondumagistrat.com\/wp-content\/uploads\/2026\/01\/la-maison-du-magistrat-logo.png","width":1563,"height":1563,"caption":"La Maison du Magistrat"},"image":{"@id":"https:\/\/lamaisondumagistrat.com\/#\/schema\/logo\/image\/"},"sameAs":["https:\/\/www.facebook.com\/share\/1A8odxWteh\/?mibextid=wwXIfr","https:\/\/www.instagram.com\/maisondumagistrat?igsh=NWhvbGN1dDcyaThu"]}]}},"_links":{"self":[{"href":"https:\/\/lamaisondumagistrat.com\/index.php\/wp-json\/wp\/v2\/pages\/83","targetHints":{"allow":["GET"]}}],"collection":[{"href":"https:\/\/lamaisondumagistrat.com\/index.php\/wp-json\/wp\/v2\/pages"}],"about":[{"href":"https:\/\/lamaisondumagistrat.com\/index.php\/wp-json\/wp\/v2\/types\/page"}],"author":[{"embeddable":true,"href":"https:\/\/lamaisondumagistrat.com\/index.php\/wp-json\/wp\/v2\/users\/1"}],"replies":[{"embeddable":true,"href":"https:\/\/lamaisondumagistrat.com\/index.php\/wp-json\/wp\/v2\/comments?post=83"}],"version-history":[{"count":10,"href":"https:\/\/lamaisondumagistrat.com\/index.php\/wp-json\/wp\/v2\/pages\/83\/revisions"}],"predecessor-version":[{"id":500,"href":"https:\/\/lamaisondumagistrat.com\/index.php\/wp-json\/wp\/v2\/pages\/83\/revisions\/500"}],"wp:featuredmedia":[{"embeddable":true,"href":"https:\/\/lamaisondumagistrat.com\/index.php\/wp-json\/wp\/v2\/media\/226"}],"wp:attachment":[{"href":"https:\/\/lamaisondumagistrat.com\/index.php\/wp-json\/wp\/v2\/media?parent=83"}],"curies":[{"name":"wp","href":"https:\/\/api.w.org\/{rel}","templated":true}]}}